{"id":11086,"date":"2019-11-11T19:32:49","date_gmt":"2019-11-11T18:32:49","guid":{"rendered":"http:\/\/test.mediaskuteczni.pl\/?page_id=11086"},"modified":"2020-02-20T22:33:00","modified_gmt":"2020-02-20T21:33:00","slug":"realizacje","status":"publish","type":"page","link":"https:\/\/mediaskuteczni.pl\/index.php\/realizacje\/","title":{"rendered":"REALIZACJE"},"content":{"rendered":"<p>[vc_row bg_type=&#8221;bg_color&#8221; bg_override=&#8221;full&#8221; css=&#8221;.vc_custom_1573502790721{background-color: #ffffff !important;}&#8221; bg_color_value=&#8221;#ffdf00&#8243;][vc_column css=&#8221;.vc_custom_1573500165401{background-color: #ffdf00 !important;}&#8221;][\/vc_column][vc_column css=&#8221;.vc_custom_1573502650279{background-color: #ffdf00 !important;}&#8221;]<div id=\"uvc-type-wrap-1251\"  data-ultimate-target='#uvc-type-wrap-1251'  data-responsive-json-new='{\"font-size\":\"desktop:60px;\",\"line-height\":\"desktop:200px;\"}'  class=\"uvc-type-wrap  ult-adjust-bottom-margin ult-responsive  uvc-type-align-center uvc-type-no-prefix uvc-wrap-147563223469f03fdc97d54\" style=\"font-family:&#039;Dosis&#039;;font-weight:600;text-align:center;\"><span id=\"typed-147563223469f03fdc97d54\" class=\"ultimate-typed-main fancytext-typewriter-background-enabled\" style=\"color:#ffffff;background:#ffdf00; text-transform: unset;\"><\/span><script type=\"text\/javascript\"> \r\n\t\t\t\t\t\tjQuery(function($){ \r\n\t\t\t\t\t\t\t$(document).ready(function(){\r\n\t\t\t\t\t\t\t\tif( typeof jQuery(\"#typed-147563223469f03fdc97d54\").typed == \"function\"){\r\n\t\t\t\t\t\t\t\t\t$(\"#typed-147563223469f03fdc97d54\").typed({\r\n\t\t\t\t\t\t\t\t\t\tstrings: [\"Odkryj\",\"nasze\",\"mo\u017cliwo\u015bci!\"],\r\n\t\t\t\t\t\t\t\t\t\ttypeSpeed: 35,\r\n\t\t\t\t\t\t\t\t\t\tbackSpeed: 0,\r\n\t\t\t\t\t\t\t\t\t\tstartDelay: 200,\r\n\t\t\t\t\t\t\t\t\t\tbackDelay: 1500,\r\n\t\t\t\t\t\t\t\t\t\tloop: true,\r\n\t\t\t\t\t\t\t\t\t\tloopCount: false,\r\n\t\t\t\t\t\t\t\t\t\tshowCursor: true,\r\n\t\t\t\t\t\t\t\t\t\tcursorChar: \"|\",\r\n\t\t\t\t\t\t\t\t\t\tattr: null\r\n\t\t\t\t\t\t\t\t\t});\r\n\t\t\t\t\t\t\t\t}\r\n\t\t\t\t\t\t\t});\r\n\t\t\t\t\t\t});\r\n\t\t\t\t\t<\/script><\/div>[\/vc_column][\/vc_row][vc_row][vc_column][vc_empty_space][\/vc_column][\/vc_row][vc_row][vc_column]<style type='text\/css'>#cbpw-wrap49 {margin:0px 0px 0px 0px;}#cbpw-grid49 .cbp-l-caption-title {color:#FFFFFF;background-color:transparent;font-size:14px;font-family:Montserrat;font-weight:700;font-style:normal;line-height:21px;text-align:center;padding:0px 0px 0px 0px;margin:0px 0px 0px 0px;text-transform:uppercase;}#cbpw-grid49 .cbp-l-caption-desc {color:#aaa;background-color:transparent;font-size:12px;font-family:Open Sans;font-weight:400;font-style:normal;line-height:16px;text-align:center;padding:0px 0px 0px 0px;margin:0px 0px 0px 0px;text-transform:none;}#cbpw-grid49 .cbp-caption-activeWrap {background-color:#000000;}#cbpw-filters49 .cbp-filter-item {background-color:#FFDF00;color:#000000;font-size:11px;font-family:Dosis;font-weight:700;font-style:normal;line-height:37px;margin:0px 5px 10px 0px;padding:0px 16px 0px 16px;text-transform:uppercase;}#cbpw-filters49 .cbp-filter-item:hover {background-color:#ffffff;color:#000000;font-size:12px;font-family:Dosis;font-weight:700;font-style:normal;line-height:37px;margin:0px 5px 10px 0px;padding:0px 16px 0px 16px;text-transform:uppercase;}#cbpw-filters49 .cbp-filter-item.cbp-filter-item-active {background-color:#FFDF00;color:#000000;font-size:11px;font-family:Dosis;font-weight:700;font-style:normal;line-height:37px;margin:0px 5px 10px 0px;padding:0px 16px 0px 16px;text-transform:uppercase;}#cbpw-filters49 .cbp-filter-item.cbp-filter-item-active:hover {background-color:#ffffff;color:#000000;font-size:12px;font-family:Dosis;font-weight:700;font-style:normal;line-height:38px;margin:0px 5px 10px 0px;padding:0px 16px 0px 16px;text-transform:uppercase;}#cbpw-filters49 .cbp-filter-counter {font-size:inherit;font-family:inherit;font-weight:inherit;font-style:inherit;line-height:inherit;}#cbpw-loadMore49 .cbp-l-loadMore-link {color:#7E7B7B;background-color:transparent;border-width:1px 1px 1px 1px;border-style:solid;border-color:#DEDEDE;font-size:12px;font-family:Open Sans,sans-serif;font-weight:400;font-style:normal;line-height:34px;text-align:center;padding:0px 30px 0px 30px;margin:40px 0px 0px 0px;text-transform:none;}#cbpw-loadMore49 .cbp-l-loadMore-link:hover {color:#B0B0B0;background-color:transparent;border-width:1px 1px 1px 1px;border-style:solid;border-color:#DEDEDE;font-size:12px;font-family:Open Sans,sans-serif;font-weight:400;font-style:normal;line-height:34px;text-align:center;padding:0px 30px 0px 30px;margin:40px 0px 0px 0px;text-transform:none;}#cbpw-loadMore49 .cbp-l-loadMore-loading {color:#B0B0B0;background-color:transparent;border-width:1px 1px 1px 1px;border-style:solid;border-color:#DEDEDE;font-size:12px;font-family:Open Sans,sans-serif;font-weight:400;font-style:normal;line-height:34px;text-align:center;padding:0px 30px 0px 30px;margin:40px 0px 0px 0px;text-transform:none;}#cbpw-loadMore49 .cbp-l-loadMore-loading:hover {color:#B0B0B0;background-color:transparent;border-width:1px 1px 1px 1px;border-style:solid;border-color:#DEDEDE;font-size:12px;font-family:Open Sans,sans-serif;font-weight:400;font-style:normal;line-height:34px;text-align:center;padding:0px 30px 0px 30px;margin:40px 0px 0px 0px;text-transform:none;}#cbpw-loadMore49 .cbp-l-loadMore-stop {color:#B0B0B0;background-color:transparent;border-width:1px 1px 1px 1px;border-style:solid;border-color:#DEDEDE;font-size:12px;font-family:Open Sans,sans-serif;font-weight:400;font-style:normal;line-height:34px;text-align:center;padding:0px 30px 0px 30px;margin:40px 0px 0px 0px;text-transform:none;}#cbpw-loadMore49 .cbp-l-loadMore-stop:hover {color:#B0B0B0;background-color:transparent;border-width:1px 1px 1px 1px;border-style:solid;border-color:#DEDEDE;font-size:12px;font-family:Open Sans,sans-serif;font-weight:400;font-style:normal;line-height:34px;text-align:center;padding:0px 30px 0px 30px;margin:40px 0px 0px 0px;text-transform:none;}#cbpw-singlePage49 .cbp-popup-navigation-wrap {background-color:#34425C;}#cbpw-singlePage49 .cbp-popup-singlePage-counter {color:#bbc0df;font-size:13px;font-family:Open Sans;font-weight:400;font-style:normal;}<\/style><link rel=\"stylesheet\" href=\"\/\/fonts.googleapis.com\/css?family=Montserrat:700normal\" type=\"text\/css\" media=\"all\" property=\"stylesheet\"><link rel=\"stylesheet\" href=\"\/\/fonts.googleapis.com\/css?family=Open+Sans:400normal\" type=\"text\/css\" media=\"all\" property=\"stylesheet\"><link rel=\"stylesheet\" href=\"\/\/fonts.googleapis.com\/css?family=Dosis:700normal\" type=\"text\/css\" media=\"all\" property=\"stylesheet\"><div id=\"cbpw-wrap49\"><div id=\"cbpw-filters49\" class=\"cbp-l-filters-work des-align-center\"><div data-filter=\".wszystko\" class=\"cbp-filter-item cbp-filter-item-active\">WSZYSTKO<\/div>\n<div data-filter=\".fotografia\" class=\"cbp-filter-item\">FOTOGRAFIA<\/div>\n<div data-filter=\".socialmedia\" class=\"cbp-filter-item\">SOCIAL MEDIA<\/div>\n<div data-filter=\".stronywww\" class=\"cbp-filter-item\">STRONY WWW<\/div>\n<div data-filter=\".projektygraficzne\" class=\"cbp-filter-item\">PROJEKTY GRAFICZNE<\/div>\n<\/div><div id=\"cbpw-grid49\" class=\"cbp-l-grid-masonry cbp\"><div><div class=\"cbp-item des-project branding cbp-l-grid-masonry-height2 cbp-ratio-masonry\" data-cbp-coverratio=\"0:0\"><a href=\"\" class=\"cbp-caption cbp-simpleLink\" data-title=\"White Apple Ipad\"><div class=\"cbp-caption-defaultWrap\"><img decoding=\"async\" src=\"\" alt=\"\"><\/div><div class=\"cbp-caption-activeWrap\"><div class=\"cbp-l-caption-alignCenter\"><div class=\"cbp-l-caption-body\"><div class=\"cbp-l-caption-title\">clean device display<\/div><\/div><\/div><\/div><\/a><\/div><div class=\"cbp-item des-project logos cbp-l-grid-masonry-height2 cbp-ratio-masonry\" data-cbp-coverratio=\"0:0\"><a href=\"\" class=\"cbp-caption cbp-simpleLink\" data-title=\"White Apple Watch\"><div class=\"cbp-caption-defaultWrap\"><img decoding=\"async\" src=\"\" alt=\"\"><\/div><div class=\"cbp-caption-activeWrap\"><div class=\"cbp-l-caption-alignCenter\"><div class=\"cbp-l-caption-body\"><div class=\"cbp-l-caption-title\">black apple iwatch<\/div><\/div><\/div><\/div><\/a><\/div><div class=\"cbp-item des-project mockup cbp-l-grid-masonry-height2 cbp-ratio-masonry\" data-cbp-coverratio=\"0:0\"><a href=\"http:\/\/test.mediaskuteczni.pl\/portfolio\/apple-device-2\/\" class=\"cbp-caption cbp-simpleLink\" data-title=\"Blake Sketchbook\"><div class=\"cbp-caption-defaultWrap\"><img decoding=\"async\" src=\"\" alt=\"\"><\/div><div class=\"cbp-caption-activeWrap\"><div class=\"cbp-l-caption-alignCenter\"><div class=\"cbp-l-caption-body\"><div class=\"cbp-l-caption-title\">apple ipad display<\/div><\/div><\/div><\/div><\/a><\/div><div class=\"cbp-item des-project graphic cbp-l-grid-masonry-height2 cbp-ratio-masonry\" data-cbp-coverratio=\"0:0\"><a href=\"\" class=\"cbp-caption cbp-simpleLink\" data-title=\"Coffee Time\"><div class=\"cbp-caption-defaultWrap\"><img decoding=\"async\" src=\"\" alt=\"\"><\/div><div class=\"cbp-caption-activeWrap\"><div class=\"cbp-l-caption-alignCenter\"><div class=\"cbp-l-caption-body\"><div class=\"cbp-l-caption-title\">radio Desk<\/div><\/div><\/div><\/div><\/a><\/div><div class=\"cbp-item des-project branding cbp-l-grid-masonry-height2 cbp-ratio-masonry\" data-cbp-coverratio=\"0:0\"><a href=\"http:\/\/test.mediaskuteczni.pl\/portfolio\/lightning-upgrade-2\/\" class=\"cbp-caption cbp-simpleLink\" data-title=\"Blake Web Site\"><div class=\"cbp-caption-defaultWrap\"><img decoding=\"async\" src=\"\" alt=\"\"><\/div><div class=\"cbp-caption-activeWrap\"><div class=\"cbp-l-caption-alignCenter\"><div class=\"cbp-l-caption-body\"><div class=\"cbp-l-caption-title\">Lightning upgrade<\/div><\/div><\/div><\/div><\/a><\/div><div class=\"cbp-item web-design cbp-ratio-masonry\" data-cbp-coverratio=\"0:0\"><a href=\"\" class=\"cbp-caption cbp-simpleLink\" data-title=\"Blake Personal Watch\"><div class=\"cbp-caption-defaultWrap\"><img decoding=\"async\" src=\"\" alt=\"\"><\/div><div class=\"cbp-caption-activeWrap\"><div class=\"cbp-l-caption-alignCenter\"><div class=\"cbp-l-caption-body\"><div class=\"cbp-l-caption-title\">clean watch<\/div><\/div><\/div><\/div><\/a><\/div><div class=\"cbp-item des-project mockup cbp-l-grid-masonry-height2 cbp-ratio-masonry\" data-cbp-coverratio=\"0:0\"><a href=\"http:\/\/test.mediaskuteczni.pl\/portfolio\/personal-materials-2\/\" class=\"cbp-caption cbp-simpleLink\" data-title=\"White Blake Book\"><div class=\"cbp-caption-defaultWrap\"><img decoding=\"async\" src=\"\" alt=\"\"><\/div><div class=\"cbp-caption-activeWrap\"><div class=\"cbp-l-caption-alignCenter\"><div class=\"cbp-l-caption-body\"><div class=\"cbp-l-caption-title\">personal materials<\/div><\/div><\/div><\/div><\/a><\/div><div class=\"cbp-item des-project mockup cbp-l-grid-masonry-height2 cbp-ratio-masonry\" data-cbp-coverratio=\"0:0\"><a href=\"http:\/\/test.mediaskuteczni.pl\/portfolio\/office-materials-2\/\" class=\"cbp-caption cbp-simpleLink\" data-title=\"Office Materials\"><div class=\"cbp-caption-defaultWrap\"><img decoding=\"async\" src=\"\" alt=\"\"><\/div><div class=\"cbp-caption-activeWrap\"><div class=\"cbp-l-caption-alignCenter\"><div class=\"cbp-l-caption-body\"><div class=\"cbp-l-caption-title\">office materials<\/div><\/div><\/div><\/div><\/a><\/div><div class=\"cbp-item des-project graphic cbp-l-grid-masonry-height2 cbp-ratio-masonry\" data-cbp-coverratio=\"0:0\"><a href=\"http:\/\/test.mediaskuteczni.pl\/portfolio\/especial-coffee-cup-2\/\" class=\"cbp-caption cbp-simpleLink\" data-title=\"White Apple Watch\"><div class=\"cbp-caption-defaultWrap\"><img decoding=\"async\" src=\"\" alt=\"\"><\/div><div class=\"cbp-caption-activeWrap\"><div class=\"cbp-l-caption-alignCenter\"><div class=\"cbp-l-caption-body\"><div class=\"cbp-l-caption-title\">especial Coffee Cup<\/div><\/div><\/div><\/div><\/a><\/div><div class=\"cbp-item logo\"><a href=\"http:\/\/test.mediaskuteczni.pl\/wp-content\/uploads\/2019\/11\/DSC3768-2.jpg\" class=\"cbp-caption cbp-lightbox\" data-title=\"data title\"><div class=\"cbp-caption-defaultWrap\"><img decoding=\"async\" src=\"http:\/\/test.mediaskuteczni.pl\/wp-content\/uploads\/2019\/11\/DSC3768-2.jpg\" alt=\"\"><\/div><div class=\"cbp-caption-activeWrap\"><div class=\"cbp-l-caption-alignCenter\"><div class=\"cbp-l-caption-body\"><div class=\"cbp-l-caption-title\">default 1<\/div><div class=\"cbp-l-caption-desc\">default 2<\/div><\/div><\/div><\/div><\/a><\/div><div class=\"cbp-item fotografia wszystko\"><a href=\"http:\/\/mediaskuteczni.pl\/wp-content\/uploads\/2019\/11\/DSC7542-2.jpg\" class=\"cbp-caption cbp-lightbox\" data-title=\"Sesja zdj\u0119ciowa Warszawa\"><div class=\"cbp-caption-defaultWrap\"><img decoding=\"async\" src=\"http:\/\/mediaskuteczni.pl\/wp-content\/uploads\/2019\/11\/DSC7542-2.jpg\" alt=\"\"><\/div><div class=\"cbp-caption-activeWrap\"><div class=\"cbp-l-caption-alignCenter\"><div class=\"cbp-l-caption-body\"><div class=\"cbp-l-caption-title\">Sesja fashion<\/div><div class=\"cbp-l-caption-desc\">Fratelli<\/div><\/div><\/div><\/div><\/a><\/div><div class=\"cbp-item logo\"><a href=\"http:\/\/scriptpie.com\/cubeportfolio\/img\/?i=800x600\" class=\"cbp-caption cbp-lightbox\" data-title=\"data title\"><div class=\"cbp-caption-defaultWrap\"><img decoding=\"async\" src=\"http:\/\/test.mediaskuteczni.pl\/wp-content\/uploads\/2019\/11\/DSC3768-2.jpg\" alt=\"\"><\/div><div class=\"cbp-caption-activeWrap\"><div class=\"cbp-l-caption-alignCenter\"><div class=\"cbp-l-caption-body\"><div class=\"cbp-l-caption-title\">default 1<\/div><div class=\"cbp-l-caption-desc\">default 2<\/div><\/div><\/div><\/div><\/a><\/div><div class=\"cbp-item fotografia wszystko\"><a href=\"http:\/\/mediaskuteczni.pl\/wp-content\/uploads\/2019\/11\/DSC7627.jpg\" class=\"cbp-caption cbp-lightbox\" data-title=\"Sesja zdj\u0119ciowa Warszawa\"><div class=\"cbp-caption-defaultWrap\"><img decoding=\"async\" src=\"http:\/\/mediaskuteczni.pl\/wp-content\/uploads\/2019\/11\/DSC7627.jpg\" alt=\"\"><\/div><div class=\"cbp-caption-activeWrap\"><div class=\"cbp-l-caption-alignCenter\"><div class=\"cbp-l-caption-body\"><div class=\"cbp-l-caption-title\">Sesja fashion<\/div><div class=\"cbp-l-caption-desc\">Fratelli<\/div><\/div><\/div><\/div><\/a><\/div><div class=\"cbp-item fotografia wszystko\"><a href=\"http:\/\/mediaskuteczni.pl\/wp-content\/uploads\/2019\/11\/DSC7401-2.jpg\" class=\"cbp-caption cbp-lightbox\" data-title=\"Sesja zdj\u0119ciowa Warszawa\"><div class=\"cbp-caption-defaultWrap\"><img decoding=\"async\" src=\"http:\/\/mediaskuteczni.pl\/wp-content\/uploads\/2019\/11\/DSC7401-2.jpg\" alt=\"\"><\/div><div class=\"cbp-caption-activeWrap\"><div class=\"cbp-l-caption-alignCenter\"><div class=\"cbp-l-caption-body\"><div class=\"cbp-l-caption-title\">sesja Fashion<\/div><div class=\"cbp-l-caption-desc\">Fratelli<\/div><\/div><\/div><\/div><\/a><\/div><div class=\"cbp-item wszystko fotografia\"><a href=\"http:\/\/mediaskuteczni.pl\/wp-content\/uploads\/2019\/11\/DSC3768-2.jpg\" class=\"cbp-caption cbp-lightbox\" data-title=\"Sesja zdj\u0119ciowa Warszawa\"><div class=\"cbp-caption-defaultWrap\"><img decoding=\"async\" src=\"http:\/\/mediaskuteczni.pl\/wp-content\/uploads\/2019\/11\/DSC3768-2.jpg\" alt=\"\"><\/div><div class=\"cbp-caption-activeWrap\"><div class=\"cbp-l-caption-alignCenter\"><div class=\"cbp-l-caption-body\"><div class=\"cbp-l-caption-title\">sesja fashion<\/div><div class=\"cbp-l-caption-desc\">Fratelli<\/div><\/div><\/div><\/div><\/a><\/div><div class=\"cbp-item wszystko fotografia\"><a href=\"http:\/\/mediaskuteczni.pl\/wp-content\/uploads\/2019\/11\/DSC3910.jpg\" class=\"cbp-caption cbp-lightbox\" data-title=\"Sesja zdj\u0119ciowa Warszawa\"><div class=\"cbp-caption-defaultWrap\"><img decoding=\"async\" src=\"http:\/\/mediaskuteczni.pl\/wp-content\/uploads\/2019\/11\/DSC3910.jpg\" alt=\"\"><\/div><div class=\"cbp-caption-activeWrap\"><div class=\"cbp-l-caption-alignCenter\"><div class=\"cbp-l-caption-body\"><div class=\"cbp-l-caption-title\">sesja fashion<\/div><div class=\"cbp-l-caption-desc\">Fratelli<\/div><\/div><\/div><\/div><\/a><\/div><div class=\"cbp-item logo\"><a href=\"http:\/\/test.mediaskuteczni.pl\/wp-content\/uploads\/2019\/11\/DSC3910.jpg\" class=\"cbp-caption cbp-lightbox\" data-title=\"data title\"><div class=\"cbp-caption-defaultWrap\"><img decoding=\"async\" src=\"http:\/\/test.mediaskuteczni.pl\/wp-content\/uploads\/2019\/11\/DSC3910.jpg\" alt=\"\"><\/div><div class=\"cbp-caption-activeWrap\"><div class=\"cbp-l-caption-alignCenter\"><div class=\"cbp-l-caption-body\"><div class=\"cbp-l-caption-title\">default 1<\/div><div class=\"cbp-l-caption-desc\">default 2<\/div><\/div><\/div><\/div><\/a><\/div><div class=\"cbp-item logo\"><a href=\"http:\/\/test.mediaskuteczni.pl\/wp-content\/uploads\/2019\/11\/DSC7627.jpg\" class=\"cbp-caption cbp-lightbox\" data-title=\"data title\"><div class=\"cbp-caption-defaultWrap\"><img decoding=\"async\" src=\"http:\/\/test.mediaskuteczni.pl\/wp-content\/uploads\/2019\/11\/DSC7627.jpg\" alt=\"\"><\/div><div class=\"cbp-caption-activeWrap\"><div class=\"cbp-l-caption-alignCenter\"><div class=\"cbp-l-caption-body\"><div class=\"cbp-l-caption-title\">default 1<\/div><div class=\"cbp-l-caption-desc\">default 2<\/div><\/div><\/div><\/div><\/a><\/div><div class=\"cbp-item logo\"><a href=\"http:\/\/test.mediaskuteczni.pl\/wp-content\/uploads\/2019\/11\/DSC2869.jpg\" class=\"cbp-caption cbp-lightbox\" data-title=\"Sesja zdj\u0119ciowa Radom\"><div class=\"cbp-caption-defaultWrap\"><img decoding=\"async\" src=\"http:\/\/test.mediaskuteczni.pl\/wp-content\/uploads\/2019\/11\/DSC2869.jpg\" alt=\"\"><\/div><div class=\"cbp-caption-activeWrap\"><div class=\"cbp-l-caption-alignCenter\"><div class=\"cbp-l-caption-body\"><div class=\"cbp-l-caption-title\">sesja kulinarna<\/div><div class=\"cbp-l-caption-desc\">Piekarnia Wacyn<\/div><\/div><\/div><\/div><\/a><\/div><div class=\"cbp-item logo\"><a href=\"http:\/\/test.mediaskuteczni.pl\/wp-content\/uploads\/2019\/11\/DSC8390-1.jpg\" class=\"cbp-caption cbp-lightbox\" data-title=\"Sesja zdj\u0119ciowa Radom\"><div class=\"cbp-caption-defaultWrap\"><img decoding=\"async\" src=\"http:\/\/test.mediaskuteczni.pl\/wp-content\/uploads\/2019\/11\/DSC8390-1.jpg\" alt=\"\"><\/div><div class=\"cbp-caption-activeWrap\"><div class=\"cbp-l-caption-alignCenter\"><div class=\"cbp-l-caption-body\"><div class=\"cbp-l-caption-title\">sesja kulinarna<\/div><div class=\"cbp-l-caption-desc\">Pivovaria<\/div><\/div><\/div><\/div><\/a><\/div><div class=\"cbp-item logo\"><a href=\"http:\/\/test.mediaskuteczni.pl\/wp-content\/uploads\/2019\/11\/DSC3481-1.jpg\" class=\"cbp-caption cbp-lightbox\" data-title=\"Sesja zdj\u0119ciowa Radom\"><div class=\"cbp-caption-defaultWrap\"><img decoding=\"async\" src=\"http:\/\/test.mediaskuteczni.pl\/wp-content\/uploads\/2019\/11\/DSC3481-1.jpg\" alt=\"\"><\/div><div class=\"cbp-caption-activeWrap\"><div class=\"cbp-l-caption-alignCenter\"><div class=\"cbp-l-caption-body\"><div class=\"cbp-l-caption-title\">sesja kulinarna<\/div><div class=\"cbp-l-caption-desc\">Pivovaria<\/div><\/div><\/div><\/div><\/a><\/div><div class=\"cbp-item logo\"><a href=\"http:\/\/test.mediaskuteczni.pl\/wp-content\/uploads\/2019\/11\/DSC3481-1.jpg\" class=\"cbp-caption cbp-lightbox\" data-title=\"data title\"><div class=\"cbp-caption-defaultWrap\"><img decoding=\"async\" src=\"http:\/\/test.mediaskuteczni.pl\/wp-content\/uploads\/2019\/11\/DSC3481-1.jpg\" alt=\"\"><\/div><div class=\"cbp-caption-activeWrap\"><div class=\"cbp-l-caption-alignCenter\"><div class=\"cbp-l-caption-body\"><div class=\"cbp-l-caption-title\">default 1<\/div><div class=\"cbp-l-caption-desc\">default 2<\/div><\/div><\/div><\/div><\/a><\/div><div class=\"cbp-item logo\"><a href=\"http:\/\/test.mediaskuteczni.pl\/wp-content\/uploads\/2019\/11\/DSC7896.jpg\" class=\"cbp-caption cbp-lightbox\" data-title=\"Sesja zdj\u0119ciowa Radom\"><div class=\"cbp-caption-defaultWrap\"><img decoding=\"async\" src=\"http:\/\/test.mediaskuteczni.pl\/wp-content\/uploads\/2019\/11\/DSC7896.jpg\" alt=\"\"><\/div><div class=\"cbp-caption-activeWrap\"><div class=\"cbp-l-caption-alignCenter\"><div class=\"cbp-l-caption-body\"><div class=\"cbp-l-caption-title\">sesja wn\u0119trz<\/div><div class=\"cbp-l-caption-desc\">Larenn Spa<\/div><\/div><\/div><\/div><\/a><\/div><div class=\"cbp-item logo\"><a href=\"http:\/\/larenn.pl\/\" target=\"_blank\" class=\"cbp-caption cbp-simpleLink\"><div class=\"cbp-caption-defaultWrap\"><img decoding=\"async\" src=\"http:\/\/test.mediaskuteczni.pl\/wp-content\/uploads\/2019\/11\/Snap2.jpg\" alt=\"\"><\/div><div class=\"cbp-caption-activeWrap\"><div class=\"cbp-l-caption-alignCenter\"><div class=\"cbp-l-caption-body\"><div class=\"cbp-l-caption-title\">STRONA WWW LARENN.PL<\/div><\/div><\/div><\/div><\/a><\/div><div class=\"cbp-item fotografia wszystko\"><a href=\"http:\/\/mediaskuteczni.pl\/wp-content\/uploads\/2019\/11\/DSC7456-1.jpg\" class=\"cbp-caption cbp-lightbox\" data-title=\"Sesja zdj\u0119ciowa Warszawa\"><div class=\"cbp-caption-defaultWrap\"><img decoding=\"async\" src=\"http:\/\/mediaskuteczni.pl\/wp-content\/uploads\/2019\/11\/DSC7456-1.jpg\" alt=\"\"><\/div><div class=\"cbp-caption-activeWrap\"><div class=\"cbp-l-caption-alignCenter\"><div class=\"cbp-l-caption-body\"><div class=\"cbp-l-caption-title\">sesja fashion<\/div><div class=\"cbp-l-caption-desc\">Fratelli<\/div><\/div><\/div><\/div><\/a><\/div><\/div><\/div><div id=\"cbpw-loadMore49\" class=\"\"><div class=\"cbp-l-loadMore-button\"><a href=\"ajax\/loadMore.html\" class=\"cbp-l-loadMore-link\"><span class=\"cbp-l-loadMore-defaultText\">Zobacz wi\u0119cej realizacji<\/span> <span class=\"cbp-l-loadMore-loadingText\">Wgrywam...<\/span><span class=\"cbp-l-loadMore-noMoreLoading\">To tylko przyk\u0142adowe realizacje. Chcesz zobaczy\u0107 wi\u0119cej? Skontaktuj si\u0119 z nami.<\/span><\/a><\/div><\/div><\/div><script type=\"text\/javascript\">this.initCubePortfolio =  this.initCubePortfolio || []; this.initCubePortfolio.push({id: 49, options: {\"filters\":\"#cbpw-filters49\",\"loadMore\":\"#cbpw-loadMore49\",\"loadMoreAction\":\"auto\",\"search\":\"\",\"layoutMode\":\"grid\",\"sortToPreventGaps\":true,\"drag\":true,\"auto\":false,\"autoTimeout\":5000,\"autoPauseOnHover\":true,\"showNavigation\":true,\"showPagination\":true,\"rewindNav\":true,\"scrollByPage\":false,\"defaultFilter\":\".wszystko\",\"filterDeeplinking\":false,\"animationType\":\"fadeOut\",\"gridAdjustment\":\"responsive\",\"mediaQueries\":[{\"width\":1400,\"cols\":3},{\"width\":1170,\"cols\":3},{\"width\":1024,\"cols\":3},{\"width\":960,\"cols\":3},{\"width\":778,\"cols\":3},{\"width\":640,\"cols\":2},{\"width\":480,\"cols\":1}],\"gapHorizontal\":20,\"gapVertical\":20,\"caption\":\"zoom\",\"displayType\":\"fadeIn\",\"displayTypeSpeed\":400,\"lightboxDelegate\":\".cbp-lightbox\",\"lightboxGallery\":false,\"lightboxTitleSrc\":\"data-title\",\"lightboxCounter\":\"<div class=\\\"cbp-popup-lightbox-counter\\\">{{current}} of {{total}}<\/div>\",\"singlePageDelegate\":\".cbp-singlePage\",\"singlePageDeeplinking\":true,\"singlePageStickyNavigation\":true,\"singlePageCounter\":\"<div class=\\\"cbp-popup-singlePage-counter\\\">{{current}} of {{total}}<\/div>\",\"singlePageAnimation\":\"middle\",\"singlePageInlineDelegate\":\".cbp-singlePageInline\",\"singlePageInlineDeeplinking\":false,\"singlePageInlinePosition\":\"top\",\"singlePageInlineInFocus\":true,\"plugins\":{},\"cols\":3,\"coverRatio\":\"\",\"displayItemsLoadMore\":6}});<\/script>[\/vc_column][\/vc_row]<\/p>\n","protected":false},"excerpt":{"rendered":"<p>[vc_row bg_type=&#8221;bg_color&#8221; bg_override=&#8221;full&#8221; css=&#8221;.vc_custom_1573502790721{background-color: #ffffff !important;}&#8221; bg_color_value=&#8221;#ffdf00&#8243;][vc_column css=&#8221;.vc_custom_1573500165401{background-color: #ffdf00 !important;}&#8221;][\/vc_column][vc_column css=&#8221;.vc_custom_1573502650279{background-color: #ffdf00 !important;}&#8221;][\/vc_column][\/vc_row][vc_row][vc_column][vc_empty_space][\/vc_column][\/vc_row][vc_row][vc_column][\/vc_column][\/vc_row]<\/p>\n","protected":false},"author":1,"featured_media":0,"parent":0,"menu_order":0,"comment_status":"closed","ping_status":"closed","template":"","meta":{"om_disable_all_campaigns":false,"_monsterinsights_skip_tracking":false,"_monsterinsights_sitenote_active":false,"_monsterinsights_sitenote_note":"","_monsterinsights_sitenote_category":0,"footnotes":""},"class_list":["post-11086","page","type-page","status-publish","hentry"],"aioseo_notices":[],"_links":{"self":[{"href":"https:\/\/mediaskuteczni.pl\/index.php\/wp-json\/wp\/v2\/pages\/11086","targetHints":{"allow":["GET"]}}],"collection":[{"href":"https:\/\/mediaskuteczni.pl\/index.php\/wp-json\/wp\/v2\/pages"}],"about":[{"href":"https:\/\/mediaskuteczni.pl\/index.php\/wp-json\/wp\/v2\/types\/page"}],"author":[{"embeddable":true,"href":"https:\/\/mediaskuteczni.pl\/index.php\/wp-json\/wp\/v2\/users\/1"}],"replies":[{"embeddable":true,"href":"https:\/\/mediaskuteczni.pl\/index.php\/wp-json\/wp\/v2\/comments?post=11086"}],"version-history":[{"count":17,"href":"https:\/\/mediaskuteczni.pl\/index.php\/wp-json\/wp\/v2\/pages\/11086\/revisions"}],"predecessor-version":[{"id":11462,"href":"https:\/\/mediaskuteczni.pl\/index.php\/wp-json\/wp\/v2\/pages\/11086\/revisions\/11462"}],"wp:attachment":[{"href":"https:\/\/mediaskuteczni.pl\/index.php\/wp-json\/wp\/v2\/media?parent=11086"}],"curies":[{"name":"wp","href":"https:\/\/api.w.org\/{rel}","templated":true}]}}